{"id":44,"date":"2023-02-28T15:06:03","date_gmt":"2023-02-28T15:06:03","guid":{"rendered":"https:\/\/raumanvauhtitassut.fi\/?page_id=44"},"modified":"2025-09-01T09:42:24","modified_gmt":"2025-09-01T06:42:24","slug":"treenikentan-saannot","status":"publish","type":"page","link":"https:\/\/raumanvauhtitassut.fi\/?page_id=44","title":{"rendered":"Treenikent\u00e4n s\u00e4\u00e4nn\u00f6t"},"content":{"rendered":"\n<div class=\"wp-block-cover alignfull\" style=\"min-height:454px;aspect-ratio:unset;\"><img loading=\"lazy\" decoding=\"async\" width=\"2209\" height=\"1473\" class=\"wp-block-cover__image-background wp-image-232\" alt=\"Rauma rally-toko\" src=\"https:\/\/raumanvauhtitassut.fi\/wp-content\/uploads\/2023\/02\/1.jpg\" style=\"object-position:64% 68%\" data-object-fit=\"cover\" data-object-position=\"64% 68%\" srcset=\"https:\/\/raumanvauhtitassut.fi\/wp-content\/uploads\/2023\/02\/1.jpg 2209w, https:\/\/raumanvauhtitassut.fi\/wp-content\/uploads\/2023\/02\/1-300x200.jpg 300w, https:\/\/raumanvauhtitassut.fi\/wp-content\/uploads\/2023\/02\/1-1024x683.jpg 1024w, https:\/\/raumanvauhtitassut.fi\/wp-content\/uploads\/2023\/02\/1-768x512.jpg 768w, https:\/\/raumanvauhtitassut.fi\/wp-content\/uploads\/2023\/02\/1-1536x1024.jpg 1536w, https:\/\/raumanvauhtitassut.fi\/wp-content\/uploads\/2023\/02\/1-2048x1366.jpg 2048w\" sizes=\"auto, (max-width: 2209px) 100vw, 2209px\" \/><span aria-hidden=\"true\" class=\"wp-block-cover__background has-secondary-background-color has-background-dim-60 has-background-dim\"><\/span><div class=\"wp-block-cover__inner-container is-layout-flow wp-block-cover-is-layout-flow\">\n<p class=\"has-text-align-center\" style=\"font-size:45px\">TREENIKENT\u00c4N S\u00c4\u00c4NN\u00d6T<\/p>\n<\/div><\/div>\n\n\n\n<div class=\"wp-block-group\"><div class=\"wp-block-group__inner-container is-layout-constrained wp-block-group-is-layout-constrained\">\n<div class=\"wp-block-group\"><div class=\"wp-block-group__inner-container is-layout-constrained wp-block-group-is-layout-constrained\">\n<p>&nbsp;\u200b<\/p>\n\n\n\n<p><strong>RAUMAN VAUHTITASSUT RY:N TREENIKENT\u00c4N S\u00c4\u00c4NN\u00d6T<\/strong><\/p>\n\n\n\n<div style=\"height:21px\" aria-hidden=\"true\" class=\"wp-block-spacer\"><\/div>\n<\/div><\/div>\n<\/div><\/div>\n\n\n\n<p>1) Agility- ja tokokentt\u00e4 on tarkoitettu vain RATA:n varsinaisten ja nuorisoj\u00e4senten ja heid\u00e4n omien koiriensa k\u00e4ytt\u00f6\u00f6n, pl. erikseen j\u00e4rjestetyt kurssit. Poikkeuslupaa voi tarvittaessa pyyt\u00e4\u00e4 hallitukselta.&nbsp;&nbsp;<\/p>\n\n\n\n<div style=\"height:8px\" aria-hidden=\"true\" class=\"wp-block-spacer\"><\/div>\n\n\n\n<p>2) Kentt\u00e4\u00e4 ei tarvitse erikseen varata omatoimitreeni\u00e4 varten, vaan sit\u00e4 voi k\u00e4ytt\u00e4\u00e4 aina, kun se ei ole kurssi- tai tapahtumak\u00e4yt\u00f6ss\u00e4. N\u00e4m\u00e4 varaukset tulevat n\u00e4kyviin <a href=\"https:\/\/raumanvauhtitassut.fi\/?page_id=68\" data-type=\"link\" data-id=\"https:\/\/raumanvauhtitassut.fi\/?page_id=68\">tapahtumakalenteriin<\/a>, kun niiden aikataulut varmistuvat.<\/p>\n\n\n\n<div style=\"height:7px\" aria-hidden=\"true\" class=\"wp-block-spacer\"><\/div>\n\n\n\n<p>3) Ulkoiluta koirasi ennen kent\u00e4lle tuloa. Pid\u00e4 huoli, ettei koirasi tee asioita kent\u00e4lle tai esteisiin. Jos vahinko k\u00e4y, niin kontista l\u00f6ytyy pesuainetta ja talouspaperia. Siivoa aina koirasi j\u00e4t\u00f6kset kent\u00e4lt\u00e4 sek\u00e4 l\u00e4hialueelta.&nbsp;<\/p>\n\n\n\n<div style=\"height:11px\" aria-hidden=\"true\" class=\"wp-block-spacer\"><\/div>\n\n\n\n<p>HUOM! Eritesakko <strong>5 \u20ac<\/strong> on otettu k\u00e4ytt\u00f6\u00f6n 2024. Maksu suoritetaan yhdistyksen tilille <strong>FI23 4108 0012 1415 55<\/strong> viitenumerolla <strong>24060<\/strong>.<\/p>\n\n\n\n<div style=\"height:19px\" aria-hidden=\"true\" class=\"wp-block-spacer\"><\/div>\n\n\n\n<p>4) K\u00e4yt\u00e4 kentt\u00e4\u00e4, tavaroita, sek\u00e4 kent\u00e4n ymp\u00e4rist\u00f6\u00e4 kuin se olisi omasi! <strong><em>Treenikaudella kentt\u00e4 on tarkoitettu vain treenik\u00e4ytt\u00f6\u00f6n.<\/em><\/strong> <\/p>\n\n\n\n<div style=\"height:8px\" aria-hidden=\"true\" class=\"wp-block-spacer\"><\/div>\n\n\n\n<p>5) Jos jokin menee rikki tai huomaat vahingon, ilmoita siit\u00e4 RATA:n hallitukselle, jotta voimme korjata asian mahdollisimman pian. HUOM! Rikkin\u00e4inen este on turvallisuusriski!&nbsp;&nbsp;<\/p>\n\n\n\n<div style=\"height:8px\" aria-hidden=\"true\" class=\"wp-block-spacer\"><\/div>\n\n\n\n<p>6) Treenien j\u00e4lkeen ker\u00e4\u00e4 sovitut esteet konttiin siistiin j\u00e4rjestykseen.\u00a0Kent\u00e4lle j\u00e4tet\u00e4\u00e4n vain kontaktit (oltava suoritettavissa), putkien painot ja hyppysiivekkeet sek\u00e4 -kannakkeet.<\/p>\n\n\n\n<div style=\"height:4px\" aria-hidden=\"true\" class=\"wp-block-spacer\"><\/div>\n\n\n\n<p>7) Treenien j\u00e4lkeen lukitse kontti, agilitykentt\u00e4 ja wc.&nbsp;&nbsp;<\/p>\n\n\n\n<div style=\"height:1px\" aria-hidden=\"true\" class=\"wp-block-spacer\"><\/div>\n\n\n\n<p>8) \u00c4l\u00e4 tuo sairasta koiraa kent\u00e4lle.&nbsp;&nbsp;<\/p>\n\n\n\n<div style=\"height:10px\" aria-hidden=\"true\" class=\"wp-block-spacer\"><\/div>\n\n\n\n<p>9) K\u00e4yt\u00e4 vain RATA:n j\u00e4senille varattua aluetta!&nbsp;&nbsp;<\/p>\n\n\n\n<div style=\"height:11px\" aria-hidden=\"true\" class=\"wp-block-spacer\"><\/div>\n\n\n\n<p>10) \u00c4l\u00e4 aiheuta h\u00e4iri\u00f6t\u00e4 RKV:n j\u00e4senille.&nbsp;&nbsp;<\/p>\n\n\n\n<div style=\"height:11px\" aria-hidden=\"true\" class=\"wp-block-spacer\"><\/div>\n\n\n\n<p>11) Koiria ei saa p\u00e4\u00e4st\u00e4\u00e4 lentopallokentille eik\u00e4 sis\u00e4\u00e4n RKV:n rakennukseen.&nbsp;<\/p>\n\n\n\n<div style=\"height:13px\" aria-hidden=\"true\" class=\"wp-block-spacer\"><\/div>\n\n\n\n<p>12) Lukitse aitaus ja kontti huolellisesti. Ilmoita hallitukselle, jos hukkaat kent\u00e4n avaimen.<\/p>\n\n\n\n<div style=\"height:6px\" aria-hidden=\"true\" class=\"wp-block-spacer\"><\/div>\n\n\n\n<p>13) Rauman VauhtiTassut ry ei hyv\u00e4ksy mink\u00e4\u00e4nlaista v\u00e4kivaltaa, uhkailua tai pelottelutekniikoita koirien koulutuksessa. Koiria tulee ohjata ja kouluttaa lempe\u00e4sti ja kunnioittaen.&nbsp;<\/p>\n\n\n\n<div style=\"height:9px\" aria-hidden=\"true\" class=\"wp-block-spacer\"><\/div>\n\n\n\n<p>14) Emme hyv\u00e4ksy mink\u00e4\u00e4nlaista seksuaalista h\u00e4irint\u00e4\u00e4, ahdistelua tai syrjint\u00e4\u00e4. Ihmisi\u00e4 tulee kohdella kunnioittavasti ja asiallisesti.&nbsp;<\/p>\n\n\n\n<div style=\"height:41px\" aria-hidden=\"true\" class=\"wp-block-spacer\"><\/div>\n\n\n\n<p><strong>Jos itse n\u00e4et tai tietoosi tulee edell\u00e4 mainittujen s\u00e4\u00e4nt\u00f6jen ja ohjeistusten vastaista toimintaa, ilmoita asiasta v\u00e4litt\u00f6m\u00e4sti RATA:n hallitukselle l\u00e4hett\u00e4m\u00e4ll\u00e4 s\u00e4hk\u00f6postia <\/strong><strong>raumanvauhtitassut@gmail.com<\/strong>&nbsp;<\/p>\n","protected":false},"excerpt":{"rendered":"<p>&nbsp;\u200b RAUMAN VAUHTITASSUT RY:N TREENIKENT\u00c4N S\u00c4\u00c4NN\u00d6T 1) Agility- ja tokokentt\u00e4 on tarkoitettu vain RATA:n varsinaisten ja nuorisoj\u00e4senten ja heid\u00e4n omien koiriensa k\u00e4ytt\u00f6\u00f6n, pl. erikseen j\u00e4rjestetyt kurssit. Poikkeuslupaa voi tarvittaessa pyyt\u00e4\u00e4 hallitukselta.&nbsp;&nbsp; 2) Kentt\u00e4\u00e4 ei tarvitse erikseen varata omatoimitreeni\u00e4 varten, vaan sit\u00e4 voi k\u00e4ytt\u00e4\u00e4 aina, kun se ei ole kurssi- tai tapahtumak\u00e4yt\u00f6ss\u00e4. N\u00e4m\u00e4 varaukset tulevat n\u00e4kyviin [&hellip;]<\/p>\n","protected":false},"author":1,"featured_media":0,"parent":79,"menu_order":0,"comment_status":"closed","ping_status":"closed","template":"","meta":{"hide_page_title":"enabled","footnotes":""},"class_list":["post-44","page","type-page","status-publish","hentry"],"_links":{"self":[{"href":"https:\/\/raumanvauhtitassut.fi\/index.php?rest_route=\/wp\/v2\/pages\/44","targetHints":{"allow":["GET"]}}],"collection":[{"href":"https:\/\/raumanvauhtitassut.fi\/index.php?rest_route=\/wp\/v2\/pages"}],"about":[{"href":"https:\/\/raumanvauhtitassut.fi\/index.php?rest_route=\/wp\/v2\/types\/page"}],"author":[{"embeddable":true,"href":"https:\/\/raumanvauhtitassut.fi\/index.php?rest_route=\/wp\/v2\/users\/1"}],"replies":[{"embeddable":true,"href":"https:\/\/raumanvauhtitassut.fi\/index.php?rest_route=%2Fwp%2Fv2%2Fcomments&post=44"}],"version-history":[{"count":23,"href":"https:\/\/raumanvauhtitassut.fi\/index.php?rest_route=\/wp\/v2\/pages\/44\/revisions"}],"predecessor-version":[{"id":351,"href":"https:\/\/raumanvauhtitassut.fi\/index.php?rest_route=\/wp\/v2\/pages\/44\/revisions\/351"}],"up":[{"embeddable":true,"href":"https:\/\/raumanvauhtitassut.fi\/index.php?rest_route=\/wp\/v2\/pages\/79"}],"wp:attachment":[{"href":"https:\/\/raumanvauhtitassut.fi\/index.php?rest_route=%2Fwp%2Fv2%2Fmedia&parent=44"}],"curies":[{"name":"wp","href":"https:\/\/api.w.org\/{rel}","templated":true}]}}